{"id":2,"date":"2025-06-29T05:42:10","date_gmt":"2025-06-29T05:42:10","guid":{"rendered":"https:\/\/info.kpuc.dev\/?page_id=2"},"modified":"2025-08-12T11:11:25","modified_gmt":"2025-08-12T11:11:25","slug":"sample-page","status":"publish","type":"page","link":"https:\/\/info.kpuc.dev\/index.php\/sample-page\/","title":{"rendered":"Mes int\u00e9r\u00eats"},"content":{"rendered":"\t\t<div data-elementor-type=\"wp-page\" data-elementor-id=\"2\" class=\"elementor elementor-2\">\n\t\t\t\t<div class=\"elementor-element elementor-element-dfa63d2 e-flex e-con-boxed wpr-particle-no wpr-jarallax-no wpr-parallax-no wpr-sticky-section-no wpr-equal-height-no e-con e-parent\" data-id=\"dfa63d2\" data-element_type=\"container\" data-e-type=\"container\">\n\t\t\t\t\t<div class=\"e-con-inner\">\n\t\t\t\t<div class=\"elementor-element elementor-element-3cb6210 elementor-widget elementor-widget-image\" data-id=\"3cb6210\" data-element_type=\"widget\" data-e-type=\"widget\" data-widget_type=\"image.default\">\n\t\t\t\t<div class=\"elementor-widget-container\">\n\t\t\t\t\t\t\t\t\t\t\t\t\t\t\t<img fetchpriority=\"high\" decoding=\"async\" width=\"768\" height=\"768\" src=\"https:\/\/info.kpuc.dev\/wp-content\/uploads\/2025\/06\/KpuC-Avatar3-768x768.png\" class=\"attachment-medium_large size-medium_large wp-image-84\" alt=\"\" srcset=\"https:\/\/info.kpuc.dev\/wp-content\/uploads\/2025\/06\/KpuC-Avatar3-768x768.png 768w, https:\/\/info.kpuc.dev\/wp-content\/uploads\/2025\/06\/KpuC-Avatar3-300x300.png 300w, https:\/\/info.kpuc.dev\/wp-content\/uploads\/2025\/06\/KpuC-Avatar3-150x150.png 150w, https:\/\/info.kpuc.dev\/wp-content\/uploads\/2025\/06\/KpuC-Avatar3.png 1024w\" sizes=\"(max-width: 768px) 100vw, 768px\" \/>\t\t\t\t\t\t\t\t\t\t\t\t\t\t\t<\/div>\n\t\t\t\t<\/div>\n\t\t\t\t\t<\/div>\n\t\t\t\t<\/div>\n\t\t<div class=\"elementor-element elementor-element-5d3ad9f e-flex e-con-boxed wpr-particle-no wpr-jarallax-no wpr-parallax-no wpr-sticky-section-no wpr-equal-height-no e-con e-parent\" data-id=\"5d3ad9f\" data-element_type=\"container\" data-e-type=\"container\">\n\t\t\t\t\t<div class=\"e-con-inner\">\n\t\t\t\t<div class=\"elementor-element elementor-element-0864989 elementor-widget elementor-widget-html\" data-id=\"0864989\" data-element_type=\"widget\" data-e-type=\"widget\" data-widget_type=\"html.default\">\n\t\t\t\t<div class=\"elementor-widget-container\">\n\t\t\t\t\t<!DOCTYPE html>\r\n<html lang=\"fr\">\r\n<head>\r\n  <meta charset=\"UTF-8\" \/>\r\n  <meta name=\"viewport\" content=\"width=device-width, initial-scale=1.0\" \/>\r\n  <title>Mes int\u00e9r\u00eats<\/title>\r\n  <style>\r\n    body {\r\n      background-color: #121212;\r\n      color: #000000;\r\n      font-family: 'Segoe UI', Tahoma, Geneva, Verdana, sans-serif;\r\n      line-height: 1.6;\r\n      padding: 20px;\r\n    }\r\n\r\n    h2 {\r\n      color: #00bfa6;\r\n      border-bottom: 2px solid #00bfa6;\r\n      padding-bottom: 5px;\r\n    }\r\n\r\n    .section {\r\n      margin-bottom: 20px;\r\n    }\r\n\r\n    a.button {\r\n      display: inline-block;\r\n      background-color: #00bfa6;\r\n      color: #ffffff;\r\n      padding: 10px 20px;\r\n      border-radius: 5px;\r\n      text-decoration: none;\r\n      font-weight: bold;\r\n      transition: background-color 0.3s ease;\r\n    }\r\n\r\n    a.button:hover {\r\n      background-color: #009e8a;\r\n    }\r\n  <\/style>\r\n<\/head>\r\n<body>\r\n\r\n  <h2>Mes int\u00e9r\u00eats<\/h2>\r\n\r\n  <div class=\"section\">\r\n    <p><strong>Tech & Linux<\/strong><br>\r\n    J\u2019adore tout ce qui touche \u00e0 la technologie. Linux est mon terrain de jeu : serveurs, commandes, configurations\u2026 toujours pr\u00eat \u00e0 tester, optimiser et automatiser.<\/p>\r\n  <\/div>\r\n\r\n  <div class=\"section\">\r\n    <p><strong>Programmation & Scripts<\/strong><br>\r\n    Bash et Python sont mes alli\u00e9s pour automatiser des t\u00e2ches, cr\u00e9er des outils rapides et rendre la vie plus simple.<\/p>\r\n  <\/div>\r\n\r\n  <div class=\"section\">\r\n    <p><strong>R\u00e9seaux & Cybers\u00e9curit\u00e9<\/strong><br>\r\n    S\u00e9curiser et comprendre les r\u00e9seaux me passionne : VPN, pare-feux, routage, tout ce qui rend un syst\u00e8me plus robuste et fiable.<\/p>\r\n  <\/div>\r\n\r\n  <div class=\"section\">\r\n    <p><strong>Apprendre & Partager<\/strong><br>\r\n    Je suis curieux de nature. J\u2019aime apprendre, explorer de nouvelles technologies et partager mes d\u00e9couvertes pour aider les autres \u00e0 progresser.<\/p>\r\n  <\/div>\r\n\r\n  <p>\r\n    <a href=\"https:\/\/info.kpuc.dev\/index.php\/contact\" class=\"button\">Me contacter<\/a>\r\n  <\/p>\r\n\r\n<\/body>\r\n<\/html>\r\n\t\t\t\t<\/div>\n\t\t\t\t<\/div>\n\t\t\t\t\t<\/div>\n\t\t\t\t<\/div>\n\t\t\t\t<\/div>\n\t\t","protected":false},"excerpt":{"rendered":"<p>Mes int\u00e9r\u00eats Mes int\u00e9r\u00eats Tech &#038; Linux J\u2019adore tout ce qui touche \u00e0 la technologie. Linux est mon terrain de jeu : serveurs, commandes, configurations\u2026 toujours pr\u00eat \u00e0 tester, optimiser&hellip;<\/p>\n","protected":false},"author":1,"featured_media":0,"parent":0,"menu_order":0,"comment_status":"closed","ping_status":"closed","template":"","meta":{"footnotes":""},"class_list":["post-2","page","type-page","status-publish","hentry"],"_links":{"self":[{"href":"https:\/\/info.kpuc.dev\/index.php\/wp-json\/wp\/v2\/pages\/2","targetHints":{"allow":["GET"]}}],"collection":[{"href":"https:\/\/info.kpuc.dev\/index.php\/wp-json\/wp\/v2\/pages"}],"about":[{"href":"https:\/\/info.kpuc.dev\/index.php\/wp-json\/wp\/v2\/types\/page"}],"author":[{"embeddable":true,"href":"https:\/\/info.kpuc.dev\/index.php\/wp-json\/wp\/v2\/users\/1"}],"replies":[{"embeddable":true,"href":"https:\/\/info.kpuc.dev\/index.php\/wp-json\/wp\/v2\/comments?post=2"}],"version-history":[{"count":19,"href":"https:\/\/info.kpuc.dev\/index.php\/wp-json\/wp\/v2\/pages\/2\/revisions"}],"predecessor-version":[{"id":300,"href":"https:\/\/info.kpuc.dev\/index.php\/wp-json\/wp\/v2\/pages\/2\/revisions\/300"}],"wp:attachment":[{"href":"https:\/\/info.kpuc.dev\/index.php\/wp-json\/wp\/v2\/media?parent=2"}],"curies":[{"name":"wp","href":"https:\/\/api.w.org\/{rel}","templated":true}]}}